{"id":977,"date":"2024-07-11T08:48:14","date_gmt":"2024-07-11T08:48:14","guid":{"rendered":"https:\/\/vidibeton.hu\/?page_id=977"},"modified":"2024-07-11T08:48:50","modified_gmt":"2024-07-11T08:48:50","slug":"megbizhato-minoseg","status":"publish","type":"page","link":"https:\/\/vidibeton.hu\/index.php\/megbizhato-minoseg\/","title":{"rendered":"Megb\u00edzhat\u00f3 min\u0151s\u00e9g"},"content":{"rendered":"","protected":false},"excerpt":{"rendered":"","protected":false},"author":1,"featured_media":0,"parent":0,"menu_order":0,"comment_status":"closed","ping_status":"closed","template":"","meta":{"_et_pb_use_builder":"","_et_pb_old_content":"","_et_gb_content_width":"","ngg_post_thumbnail":0,"footnotes":""},"class_list":["post-977","page","type-page","status-publish","hentry"],"_links":{"self":[{"href":"https:\/\/vidibeton.hu\/index.php\/wp-json\/wp\/v2\/pages\/977","targetHints":{"allow":["GET"]}}],"collection":[{"href":"https:\/\/vidibeton.hu\/index.php\/wp-json\/wp\/v2\/pages"}],"about":[{"href":"https:\/\/vidibeton.hu\/index.php\/wp-json\/wp\/v2\/types\/page"}],"author":[{"embeddable":true,"href":"https:\/\/vidibeton.hu\/index.php\/wp-json\/wp\/v2\/users\/1"}],"replies":[{"embeddable":true,"href":"https:\/\/vidibeton.hu\/index.php\/wp-json\/wp\/v2\/comments?post=977"}],"version-history":[{"count":1,"href":"https:\/\/vidibeton.hu\/index.php\/wp-json\/wp\/v2\/pages\/977\/revisions"}],"predecessor-version":[{"id":978,"href":"https:\/\/vidibeton.hu\/index.php\/wp-json\/wp\/v2\/pages\/977\/revisions\/978"}],"wp:attachment":[{"href":"https:\/\/vidibeton.hu\/index.php\/wp-json\/wp\/v2\/media?parent=977"}],"curies":[{"name":"wp","href":"https:\/\/api.w.org\/{rel}","templated":true}]}}