{"id":553,"date":"2022-08-01T15:28:57","date_gmt":"2022-08-01T15:28:57","guid":{"rendered":"https:\/\/startertemplatecloud.com\/g58\/?page_id=524"},"modified":"2023-10-11T20:50:37","modified_gmt":"2023-10-11T20:50:37","slug":"pricing","status":"publish","type":"page","link":"https:\/\/vidibeton.hu\/index.php\/pricing\/","title":{"rendered":"Term\u00e9keink"},"content":{"rendered":"\n\n<div class=\"wp-block-kadence-column kadence-column553_25858c-9f inner-column-1\"><div class=\"kt-inside-inner-col\">\n\n<div class=\"wp-block-kadence-column kadence-column553_1e9b7e-15 inner-column-1\"><div class=\"kt-inside-inner-col\">\n<h1 class=\"kt-adv-heading553_7f0011-c1 wp-block-kadence-advancedheading\" data-kb-block=\"kb-adv-heading553_7f0011-c1\">Term\u00e9keink<\/h1>\n<\/div><\/div>\n\n<\/div><\/div>\n\n\n\n\n<ul class=\"wp-block-list\">\n<li class=\"has-medium-font-size\">B\u00e9l\u00e9stest<\/li>\n\n\n\n<li class=\"has-medium-font-size\">Fedk\u00f6vek<\/li>\n\n\n\n<li class=\"has-medium-font-size\">K\u00e9m\u00e9nykalapok<\/li>\n\n\n\n<li class=\"has-medium-font-size\">Ker\u00edt\u00e9s oszlopok<\/li>\n\n\n\n<li class=\"has-medium-font-size\">Ker\u00edt\u00e9s panelek<\/li>\n\n\n\n<li class=\"has-medium-font-size\">Pincefalaz\u00f3k<\/li>\n\n\n\n<li class=\"has-medium-font-size\">Szeg\u00e9lyek, szeg\u0151k<\/li>\n\n\n\n<li class=\"has-medium-font-size\">S\u00e9t\u00e1nyk\u00f6vek, t\u00e9rk\u00f6vek<\/li>\n\n\n\n<li class=\"has-medium-font-size\">V\u00edzelvezet\u0151<\/li>\n\n\n\n<li class=\"has-medium-font-size\">Zsaluk\u0151<\/li>\n\n\n\n<li class=\"has-medium-font-size\">Egy\u00e9b betonterm\u00e9kek<\/li>\n<\/ul>\n","protected":false},"excerpt":{"rendered":"","protected":false},"author":1,"featured_media":0,"parent":0,"menu_order":0,"comment_status":"closed","ping_status":"closed","template":"","meta":{"_et_pb_use_builder":"","_et_pb_old_content":"","_et_gb_content_width":"","ngg_post_thumbnail":0,"footnotes":""},"class_list":["post-553","page","type-page","status-publish","hentry"],"_links":{"self":[{"href":"https:\/\/vidibeton.hu\/index.php\/wp-json\/wp\/v2\/pages\/553","targetHints":{"allow":["GET"]}}],"collection":[{"href":"https:\/\/vidibeton.hu\/index.php\/wp-json\/wp\/v2\/pages"}],"about":[{"href":"https:\/\/vidibeton.hu\/index.php\/wp-json\/wp\/v2\/types\/page"}],"author":[{"embeddable":true,"href":"https:\/\/vidibeton.hu\/index.php\/wp-json\/wp\/v2\/users\/1"}],"replies":[{"embeddable":true,"href":"https:\/\/vidibeton.hu\/index.php\/wp-json\/wp\/v2\/comments?post=553"}],"version-history":[{"count":4,"href":"https:\/\/vidibeton.hu\/index.php\/wp-json\/wp\/v2\/pages\/553\/revisions"}],"predecessor-version":[{"id":597,"href":"https:\/\/vidibeton.hu\/index.php\/wp-json\/wp\/v2\/pages\/553\/revisions\/597"}],"wp:attachment":[{"href":"https:\/\/vidibeton.hu\/index.php\/wp-json\/wp\/v2\/media?parent=553"}],"curies":[{"name":"wp","href":"https:\/\/api.w.org\/{rel}","templated":true}]}}