{"id":340,"date":"2021-09-07T10:50:28","date_gmt":"2021-09-07T10:50:28","guid":{"rendered":"https:\/\/kits.themecy.com\/memberships-3\/?page_id=5"},"modified":"2023-10-06T13:31:44","modified_gmt":"2023-10-06T13:31:44","slug":"home-2","status":"publish","type":"page","link":"https:\/\/vidibeton.hu\/index.php\/home-2\/","title":{"rendered":"Home2"},"content":{"rendered":"\n\n<div class=\"wp-block-kadence-column kadence-column340_3b2a9e-f0 inner-column-1\"><div class=\"kt-inside-inner-col\">\n\n<div class=\"wp-block-kadence-column kadence-column340_90c9a3-c4 inner-column-1\"><div class=\"kt-inside-inner-col\">\n<p class=\"kt-adv-heading340_7562de-6a wp-block-kadence-advancedheading\" data-kb-block=\"kb-adv-heading340_7562de-6a\"><\/p>\n<\/div><\/div>\n\n\n\n<div class=\"wp-block-kadence-column kadence-column340_aedc6c-65 inner-column-2\"><div class=\"kt-inside-inner-col\">\n<p class=\"kt-adv-heading340_9b953c-f1 wp-block-kadence-advancedheading has-theme-palette-6-color has-text-color\" data-kb-block=\"kb-adv-heading340_9b953c-f1\"><\/p>\n<\/div><\/div>\n\n\n\n\n<h1 class=\"kt-adv-heading340_af7886-03 wp-block-kadence-advancedheading\" data-kb-block=\"kb-adv-heading340_af7886-03\">C\u00e9g\u00fcnkr\u0151l<\/h1>\n\n\n\n<figure class=\"wp-block-table\"><table><tbody><tr><td>VIDI Beton Kft.&nbsp;2001 \u00e9v tavas\u00e1n alakult Izs\u00e1kon. K\u00e9t alkalmazottal egy b\u00e9relt telephelyen, zsaluk\u00f6vek gy\u00e1rt\u00e1s\u00e1t kezdte meg.T\u00f6rekedve a legjobb min\u0151s\u00e9gre,&nbsp;amit az \u00c9MI-is igazolt vev\u0151k\u00f6r\u00fcnk egyre jobban n\u00f6vekedett. Az \u00e9vek sor\u00e1n a t\u00e9rs\u00e9g\u00fcnkben keresett term\u00e9kekkel b\u0151v\u00edtett\u00fck tav\u00e9kenys\u00e9g\u00fcnket.<\/td><\/tr><tr><td><a href=\"http:\/\/vidibeton.hu\/images\/t\/epulet_kerites_panelbol.jpg\"><\/a>Ennek eredm\u00e9ny\u00e9re sz\u00fcks\u00e9gess\u00e9 v\u00e1lt&nbsp;2006-t\u00f3l egy saj\u00e1t telephelyet kialak\u00edtani, ahol nagyobb munkaer\u0151vel minden felt\u00e9telt tudunk biztos\u00edtani kib\u0151v\u00fclt term\u00e9kk\u00f6r\u00fcnk gy\u00e1rt\u00e1s\u00e1hoz \u00e9s rakt\u00e1roz\u00e1s\u00e1hoz.Rem\u00e9lj\u00fck, hogy&nbsp;<strong>pontos \u00e9s min\u0151s\u00e9gi munk\u00e1nkkal&nbsp;<\/strong>m\u00e9g t\u00f6bb el\u00e9gedett partnert tudunk kiszolg\u00e1lni a j\u00f6v\u0151ben is.<\/td><\/tr><\/tbody><\/table><\/figure>\n\n\n\n<p class=\"kt-adv-heading340_e87079-e6 wp-block-kadence-advancedheading\" data-kb-block=\"kb-adv-heading340_e87079-e6\"><a href=\"https:\/\/startertemplatecloud.com\/e29\/#\"><\/a><\/p>\n\n\n\n<div class=\"wp-block-kadence-advancedbtn kb-buttons-wrap kb-btns340_6a46ee-0b\"><\/div>\n<\/div><\/div>\n\n\n\n<div class=\"wp-block-kadence-column kadence-column340_1cb746-f9 inner-column-2\"><div class=\"kt-inside-inner-col\">\n<figure class=\"wp-block-kadence-image kb-image340_e7a2ff-9f size-large kb-image-is-ratio-size\"><div class=\"kb-is-ratio-image kb-image-ratio-land32\"><img loading=\"lazy\" decoding=\"async\" width=\"1024\" height=\"576\" src=\"https:\/\/vidibeton.hu\/wp-content\/uploads\/2023\/10\/kerites_teglamintas_attort-1024x576.jpg\" alt=\"\" class=\"kb-img wp-image-534\" srcset=\"https:\/\/vidibeton.hu\/wp-content\/uploads\/2023\/10\/kerites_teglamintas_attort-1024x576.jpg 1024w, https:\/\/vidibeton.hu\/wp-content\/uploads\/2023\/10\/kerites_teglamintas_attort-300x169.jpg 300w, https:\/\/vidibeton.hu\/wp-content\/uploads\/2023\/10\/kerites_teglamintas_attort-768x432.jpg 768w, https:\/\/vidibeton.hu\/wp-content\/uploads\/2023\/10\/kerites_teglamintas_attort-1536x863.jpg 1536w, https:\/\/vidibeton.hu\/wp-content\/uploads\/2023\/10\/kerites_teglamintas_attort-2048x1151.jpg 2048w\" sizes=\"(max-width: 1024px) 100vw, 1024px\" \/><\/div><\/figure>\n\n\n\n<figure class=\"wp-block-kadence-image kb-image340_05e92d-f3 size-large\"><img loading=\"lazy\" decoding=\"async\" width=\"1024\" height=\"576\" src=\"https:\/\/vidibeton.hu\/wp-content\/uploads\/2023\/10\/kerites_teglamintas_attort-1024x576.jpg\" alt=\"\" class=\"kb-img wp-image-534\" srcset=\"https:\/\/vidibeton.hu\/wp-content\/uploads\/2023\/10\/kerites_teglamintas_attort-1024x576.jpg 1024w, https:\/\/vidibeton.hu\/wp-content\/uploads\/2023\/10\/kerites_teglamintas_attort-300x169.jpg 300w, https:\/\/vidibeton.hu\/wp-content\/uploads\/2023\/10\/kerites_teglamintas_attort-768x432.jpg 768w, https:\/\/vidibeton.hu\/wp-content\/uploads\/2023\/10\/kerites_teglamintas_attort-1536x863.jpg 1536w, https:\/\/vidibeton.hu\/wp-content\/uploads\/2023\/10\/kerites_teglamintas_attort-2048x1151.jpg 2048w\" sizes=\"(max-width: 1024px) 100vw, 1024px\" \/><\/figure>\n<\/div><\/div>\n\n\n\n\n\n<div class=\"wp-block-kadence-column kadence-column340_7e4c31-4f inner-column-1\"><div class=\"kt-inside-inner-col\">\n<p class=\"kt-adv-heading340_4d3088-6d wp-block-kadence-advancedheading\" data-kb-block=\"kb-adv-heading340_4d3088-6d\">3k+<\/p>\n\n\n\n<p class=\"kt-adv-heading340_3544df-96 wp-block-kadence-advancedheading\" data-kb-block=\"kb-adv-heading340_3544df-96\">happy<br>customers<\/p>\n<\/div><\/div>\n\n\n\n<div class=\"wp-block-kadence-column kadence-column340_339b66-68 inner-column-2\"><div class=\"kt-inside-inner-col\">\n<p class=\"kt-adv-heading340_741fb2-d0 wp-block-kadence-advancedheading\" data-kb-block=\"kb-adv-heading340_741fb2-d0\">14<\/p>\n\n\n\n<p class=\"kt-adv-heading340_e4ed56-42 wp-block-kadence-advancedheading\" data-kb-block=\"kb-adv-heading340_e4ed56-42\">YEARS<br>EXPERIENCE<\/p>\n<\/div><\/div>\n\n\n\n<div class=\"wp-block-kadence-column kadence-column340_49d70d-17 inner-column-3\"><div class=\"kt-inside-inner-col\">\n<p class=\"kt-adv-heading340_45f7a0-9f wp-block-kadence-advancedheading\" data-kb-block=\"kb-adv-heading340_45f7a0-9f\">25+<\/p>\n\n\n\n<p class=\"kt-adv-heading340_d2239c-f2 wp-block-kadence-advancedheading\" data-kb-block=\"kb-adv-heading340_d2239c-f2\">EXPERT<br>PARTNERS<\/p>\n<\/div><\/div>\n\n\n\n<div class=\"wp-block-kadence-column kadence-column340_a7c601-bd inner-column-4\"><div class=\"kt-inside-inner-col\">\n<p class=\"kt-adv-heading340_2b5b02-2c wp-block-kadence-advancedheading\" data-kb-block=\"kb-adv-heading340_2b5b02-2c\">18+<\/p>\n\n\n\n<p class=\"kt-adv-heading340_418edd-36 wp-block-kadence-advancedheading\" data-kb-block=\"kb-adv-heading340_418edd-36\">ACTIVE<br>PROJECTS<\/p>\n<\/div><\/div>\n\n\n\n\n\n<div class=\"wp-block-kadence-column kadence-column340_77e7d6-e9 inner-column-1\"><div class=\"kt-inside-inner-col\">\n<figure class=\"wp-block-kadence-image kb-image340_81aefa-21 size-large\"><img loading=\"lazy\" decoding=\"async\" width=\"1024\" height=\"576\" src=\"https:\/\/vidibeton.hu\/wp-content\/uploads\/2023\/10\/epulet_panelbol-1024x576.jpg\" alt=\"\" class=\"kb-img wp-image-533\" srcset=\"https:\/\/vidibeton.hu\/wp-content\/uploads\/2023\/10\/epulet_panelbol-1024x576.jpg 1024w, https:\/\/vidibeton.hu\/wp-content\/uploads\/2023\/10\/epulet_panelbol-300x169.jpg 300w, https:\/\/vidibeton.hu\/wp-content\/uploads\/2023\/10\/epulet_panelbol-768x432.jpg 768w, https:\/\/vidibeton.hu\/wp-content\/uploads\/2023\/10\/epulet_panelbol-1536x863.jpg 1536w, https:\/\/vidibeton.hu\/wp-content\/uploads\/2023\/10\/epulet_panelbol-2048x1151.jpg 2048w\" sizes=\"(max-width: 1024px) 100vw, 1024px\" \/><\/figure>\n\n\n\n<figure class=\"wp-block-kadence-image kb-image340_62945f-ee size-full\"><img decoding=\"async\" src=\"https:\/\/vidibeton.hu\/wp-content\/uploads\/2023\/10\/dots-33.png\" alt=\"\" class=\"kb-img wp-image-206\"\/><\/figure>\n<\/div><\/div>\n\n\n\n<div class=\"wp-block-kadence-column kadence-column340_f8329c-f0 inner-column-2\"><div class=\"kt-inside-inner-col\">\n<p class=\"kt-adv-heading340_33e137-13 wp-block-kadence-advancedheading has-theme-palette-2-color has-text-color\" data-kb-block=\"kb-adv-heading340_33e137-13\">we are innovators<\/p>\n\n\n\n<h2 class=\"kt-adv-heading340_5829fe-57 wp-block-kadence-advancedheading\" data-kb-block=\"kb-adv-heading340_5829fe-57\">Making Enchanting Memories<\/h2>\n\n\n\n<p class=\"kt-adv-heading340_527223-41 wp-block-kadence-advancedheading\" data-kb-block=\"kb-adv-heading340_527223-41\">Lorem ipsum dolor sit amet, consectetur adipiscing elit. Ut elit tellus, luctus nec ullamcorper mattis, pulvinar dapibus leo.<\/p>\n<\/div><\/div>\n\n\n\n\n\n<div class=\"wp-block-kadence-column kadence-column340_9aad5e-b0 inner-column-1\"><div class=\"kt-inside-inner-col\">\n<p class=\"kt-adv-heading340_bd8f52-a6 wp-block-kadence-advancedheading\" data-kb-block=\"kb-adv-heading340_bd8f52-a6\">WE ARE LISTENING<\/p>\n\n\n\n<h2 class=\"kt-adv-heading340_d4da66-fd wp-block-kadence-advancedheading\" data-kb-block=\"kb-adv-heading340_d4da66-fd\">We Aim to Set the Trends of Modern Living<\/h2>\n\n\n\n<p class=\"kt-adv-heading340_3a64b9-33 wp-block-kadence-advancedheading\" data-kb-block=\"kb-adv-heading340_3a64b9-33\">Lorem ipsum dolor sit amet, consectetur adipiscing elit. Ut elit tellus, luctus nec ullamcorper mattis, pulvinar dapibus leo.<\/p>\n<\/div><\/div>\n\n\n\n<div class=\"wp-block-kadence-column kadence-column340_c642f8-bc inner-column-2\"><div class=\"kt-inside-inner-col\">\n<figure class=\"wp-block-kadence-image kb-image340_94d38e-e2 size-large\"><img loading=\"lazy\" decoding=\"async\" width=\"1024\" height=\"768\" src=\"https:\/\/vidibeton.hu\/wp-content\/uploads\/2023\/10\/kerites_komintas_szurke-1024x768.jpg\" alt=\"\" class=\"kb-img wp-image-531\" srcset=\"https:\/\/vidibeton.hu\/wp-content\/uploads\/2023\/10\/kerites_komintas_szurke-1024x768.jpg 1024w, https:\/\/vidibeton.hu\/wp-content\/uploads\/2023\/10\/kerites_komintas_szurke-300x225.jpg 300w, https:\/\/vidibeton.hu\/wp-content\/uploads\/2023\/10\/kerites_komintas_szurke-768x576.jpg 768w, https:\/\/vidibeton.hu\/wp-content\/uploads\/2023\/10\/kerites_komintas_szurke-1536x1152.jpg 1536w, https:\/\/vidibeton.hu\/wp-content\/uploads\/2023\/10\/kerites_komintas_szurke-2048x1536.jpg 2048w\" sizes=\"(max-width: 1024px) 100vw, 1024px\" \/><\/figure>\n<\/div><\/div>\n\n\n\n\n\n<div class=\"wp-block-kadence-column kadence-column340_ae569e-3b\"><div class=\"kt-inside-inner-col\"><\/div><\/div>\n\n\n\n\n\n<div class=\"wp-block-kadence-column kadence-column340_c43afe-02 inner-column-2\"><div class=\"kt-inside-inner-col\">\n\n<div class=\"wp-block-kadence-column kadence-column340_481a40-1c inner-column-1\"><div class=\"kt-inside-inner-col\">\n<div class=\"wp-block-kadence-image kb-image340_2c8c41-5e\"><figure class=\"aligncenter size-large\"><img loading=\"lazy\" decoding=\"async\" width=\"1024\" height=\"577\" src=\"https:\/\/vidibeton.hu\/wp-content\/uploads\/2023\/10\/betonlap_tegla_szurke-1024x577.jpg\" alt=\"\" class=\"kb-img wp-image-532\" srcset=\"https:\/\/vidibeton.hu\/wp-content\/uploads\/2023\/10\/betonlap_tegla_szurke-1024x577.jpg 1024w, https:\/\/vidibeton.hu\/wp-content\/uploads\/2023\/10\/betonlap_tegla_szurke-300x169.jpg 300w, https:\/\/vidibeton.hu\/wp-content\/uploads\/2023\/10\/betonlap_tegla_szurke-768x432.jpg 768w, https:\/\/vidibeton.hu\/wp-content\/uploads\/2023\/10\/betonlap_tegla_szurke-1536x865.jpg 1536w, https:\/\/vidibeton.hu\/wp-content\/uploads\/2023\/10\/betonlap_tegla_szurke-2048x1153.jpg 2048w\" sizes=\"(max-width: 1024px) 100vw, 1024px\" \/><\/figure><\/div>\n<\/div><\/div>\n\n\n\n<div class=\"wp-block-kadence-column kadence-column340_95b42a-07 inner-column-2\"><div class=\"kt-inside-inner-col\">\n<h6 class=\"kt-adv-heading340_4d51e9-2d wp-block-kadence-advancedheading\" data-kb-block=\"kb-adv-heading340_4d51e9-2d\">Essential design program<\/h6>\n\n\n\n<p class=\"kt-adv-heading340_7afbf5-e5 wp-block-kadence-advancedheading\" data-kb-block=\"kb-adv-heading340_7afbf5-e5\">Lorem ipsum dolor sit amet, consectetur adipiscing elit. Ut elit tellus, luctus nec ullamcorper mattis.<\/p>\n<\/div><\/div>\n\n\n\n\n\n<div class=\"wp-block-kadence-column kadence-column340_2693f7-a3 inner-column-1\"><div class=\"kt-inside-inner-col\">\n<div class=\"wp-block-kadence-image kb-image340_404516-06\"><figure class=\"aligncenter size-large\"><img loading=\"lazy\" decoding=\"async\" width=\"1024\" height=\"576\" src=\"https:\/\/vidibeton.hu\/wp-content\/uploads\/2023\/10\/kerites_teglamintas_attort-1024x576.jpg\" alt=\"\" class=\"kb-img wp-image-534\" srcset=\"https:\/\/vidibeton.hu\/wp-content\/uploads\/2023\/10\/kerites_teglamintas_attort-1024x576.jpg 1024w, https:\/\/vidibeton.hu\/wp-content\/uploads\/2023\/10\/kerites_teglamintas_attort-300x169.jpg 300w, https:\/\/vidibeton.hu\/wp-content\/uploads\/2023\/10\/kerites_teglamintas_attort-768x432.jpg 768w, https:\/\/vidibeton.hu\/wp-content\/uploads\/2023\/10\/kerites_teglamintas_attort-1536x863.jpg 1536w, https:\/\/vidibeton.hu\/wp-content\/uploads\/2023\/10\/kerites_teglamintas_attort-2048x1151.jpg 2048w\" sizes=\"(max-width: 1024px) 100vw, 1024px\" \/><\/figure><\/div>\n<\/div><\/div>\n\n\n\n<div class=\"wp-block-kadence-column kadence-column340_821e6f-3a inner-column-2\"><div class=\"kt-inside-inner-col\">\n<h6 class=\"kt-adv-heading340_c58e3c-5b wp-block-kadence-advancedheading\" data-kb-block=\"kb-adv-heading340_c58e3c-5b\">Unique and timeless style<\/h6>\n\n\n\n<p class=\"kt-adv-heading340_d2138b-3a wp-block-kadence-advancedheading\" data-kb-block=\"kb-adv-heading340_d2138b-3a\">Lorem ipsum dolor sit amet, consectetur adipiscing elit. Ut elit tellus, luctus nec ullamcorper mattis.<\/p>\n<\/div><\/div>\n\n<\/div><\/div>\n\n\n\n<div class=\"wp-block-kadence-column kadence-column340_e8b48f-10\"><div class=\"kt-inside-inner-col\"><\/div><\/div>\n\n\n\n\n\n<div class=\"wp-block-kadence-column kadence-column340_cfc29e-31 inner-column-1\"><div class=\"kt-inside-inner-col\">\n<figure class=\"wp-block-kadence-image kb-image340_b8e0a3-fd size-large\"><img decoding=\"async\" src=\"https:\/\/vidibeton.hu\/wp-content\/uploads\/2023\/10\/pexels-karolina-grabowska-42303098-1024x682-1.jpg\" alt=\"\" class=\"kb-img wp-image-231\"\/><\/figure>\n<\/div><\/div>\n\n\n\n<div class=\"wp-block-kadence-column kadence-column340_085102-89 inner-column-2\"><div class=\"kt-inside-inner-col\">\n<p class=\"kt-adv-heading340_744d01-ea wp-block-kadence-advancedheading\" data-kb-block=\"kb-adv-heading340_744d01-ea\">01<\/p>\n\n\n\n<p class=\"kt-adv-heading340_8cdb59-13 wp-block-kadence-advancedheading\" data-kb-block=\"kb-adv-heading340_8cdb59-13\">PRE-DESIGN<\/p>\n\n\n\n<p class=\"kt-adv-heading340_c72f84-63 wp-block-kadence-advancedheading\" data-kb-block=\"kb-adv-heading340_c72f84-63\">Lorem ipsum dolor sit amet, consectetur adipiscing elit.&nbsp;<\/p>\n\n\n\n<div class=\"wp-block-kadence-advancedbtn kb-buttons-wrap kb-btns340_89707c-93\"><\/div>\n<\/div><\/div>\n\n\n\n<div class=\"wp-block-kadence-column kadence-column340_fad8e8-13 inner-column-3\"><div class=\"kt-inside-inner-col\">\n<p class=\"kt-adv-heading340_72492e-77 wp-block-kadence-advancedheading\" data-kb-block=\"kb-adv-heading340_72492e-77\">02<\/p>\n\n\n\n<p class=\"kt-adv-heading340_9291dd-dd wp-block-kadence-advancedheading\" data-kb-block=\"kb-adv-heading340_9291dd-dd\">development<\/p>\n\n\n\n<p class=\"kt-adv-heading340_5ad15a-8d wp-block-kadence-advancedheading\" data-kb-block=\"kb-adv-heading340_5ad15a-8d\">Lorem ipsum dolor sit amet, consectetur adipiscing elit.&nbsp;<\/p>\n\n\n\n<div class=\"wp-block-kadence-advancedbtn kb-buttons-wrap kb-btns340_7892c8-45\"><\/div>\n<\/div><\/div>\n\n\n\n\n\n<div class=\"wp-block-kadence-column kadence-column340_5606bd-d0 inner-column-1\"><div class=\"kt-inside-inner-col\">\n<p class=\"kt-adv-heading340_cdcdf1-cb wp-block-kadence-advancedheading\" data-kb-block=\"kb-adv-heading340_cdcdf1-cb\">03<\/p>\n\n\n\n<p class=\"kt-adv-heading340_5c3c69-52 wp-block-kadence-advancedheading\" data-kb-block=\"kb-adv-heading340_5c3c69-52\">documentation<\/p>\n\n\n\n<p class=\"kt-adv-heading340_4edf00-91 wp-block-kadence-advancedheading\" data-kb-block=\"kb-adv-heading340_4edf00-91\">Lorem ipsum dolor sit amet, consectetur adipiscing elit.&nbsp;<\/p>\n\n\n\n<div class=\"wp-block-kadence-advancedbtn kb-buttons-wrap kb-btns340_52c6a2-db\"><\/div>\n<\/div><\/div>\n\n\n\n<div class=\"wp-block-kadence-column kadence-column340_5678e8-c2 inner-column-2\"><div class=\"kt-inside-inner-col\">\n<p class=\"kt-adv-heading340_9aa883-a2 wp-block-kadence-advancedheading\" data-kb-block=\"kb-adv-heading340_9aa883-a2\">04<\/p>\n\n\n\n<p class=\"kt-adv-heading340_91f38c-e7 wp-block-kadence-advancedheading\" data-kb-block=\"kb-adv-heading340_91f38c-e7\">execution<\/p>\n\n\n\n<p class=\"kt-adv-heading340_f7606a-26 wp-block-kadence-advancedheading\" data-kb-block=\"kb-adv-heading340_f7606a-26\">Lorem ipsum dolor sit amet, consectetur adipiscing elit.&nbsp;<\/p>\n\n\n\n<div class=\"wp-block-kadence-advancedbtn kb-buttons-wrap kb-btns340_c986d8-bd\"><\/div>\n<\/div><\/div>\n\n\n\n<div class=\"wp-block-kadence-column kadence-column340_03a5a8-a5 inner-column-3\"><div class=\"kt-inside-inner-col\">\n<figure class=\"wp-block-kadence-image kb-image340_b994e8-36\"><img decoding=\"async\" src=\"https:\/\/vidibeton.hu\/wp-content\/uploads\/2023\/10\/pexels-max-vakhtbovyc1h-6508358.jpg\" alt=\"\" class=\"kb-img wp-image-230\"\/><\/figure>\n<\/div><\/div>\n\n","protected":false},"excerpt":{"rendered":"","protected":false},"author":1,"featured_media":680,"parent":0,"menu_order":0,"comment_status":"closed","ping_status":"closed","template":"","meta":{"_et_pb_use_builder":"","_et_pb_old_content":"","_et_gb_content_width":"","ngg_post_thumbnail":0,"footnotes":""},"class_list":["post-340","page","type-page","status-publish","has-post-thumbnail","hentry"],"_links":{"self":[{"href":"https:\/\/vidibeton.hu\/index.php\/wp-json\/wp\/v2\/pages\/340","targetHints":{"allow":["GET"]}}],"collection":[{"href":"https:\/\/vidibeton.hu\/index.php\/wp-json\/wp\/v2\/pages"}],"about":[{"href":"https:\/\/vidibeton.hu\/index.php\/wp-json\/wp\/v2\/types\/page"}],"author":[{"embeddable":true,"href":"https:\/\/vidibeton.hu\/index.php\/wp-json\/wp\/v2\/users\/1"}],"replies":[{"embeddable":true,"href":"https:\/\/vidibeton.hu\/index.php\/wp-json\/wp\/v2\/comments?post=340"}],"version-history":[{"count":3,"href":"https:\/\/vidibeton.hu\/index.php\/wp-json\/wp\/v2\/pages\/340\/revisions"}],"predecessor-version":[{"id":536,"href":"https:\/\/vidibeton.hu\/index.php\/wp-json\/wp\/v2\/pages\/340\/revisions\/536"}],"wp:featuredmedia":[{"embeddable":true,"href":"https:\/\/vidibeton.hu\/index.php\/wp-json\/"}],"wp:attachment":[{"href":"https:\/\/vidibeton.hu\/index.php\/wp-json\/wp\/v2\/media?parent=340"}],"curies":[{"name":"wp","href":"https:\/\/api.w.org\/{rel}","templated":true}]}}