{"id":25,"date":"2023-09-28T09:11:05","date_gmt":"2023-09-28T09:11:05","guid":{"rendered":"https:\/\/vidibeton.hu\/?page_id=25"},"modified":"2023-09-28T09:12:30","modified_gmt":"2023-09-28T09:12:30","slug":"termekek","status":"publish","type":"page","link":"https:\/\/vidibeton.hu\/index.php\/termekek\/","title":{"rendered":"Term\u00e9kek"},"content":{"rendered":"\n<p><br><\/p>\n\n\n\n<figure class=\"wp-block-table\"><table><tbody><tr><td>a<\/td><\/tr><tr><td colspan=\"2\"><\/td><\/tr><tr><td><a href=\"http:\/\/vidibeton.hu\/images\/t\/Kemeny_fedko.jpg\"><\/a><\/td><td><strong><a href=\"#kemenyfedko\">K\u00e9m\u00e9ny fedk\u0151<\/a><\/strong><\/td><\/tr><tr><td colspan=\"2\">&nbsp;<\/td><\/tr><tr><td><a href=\"http:\/\/vidibeton.hu\/images\/t\/Kemenykalap_ives.jpg\"><\/a><\/td><td><strong><a><\/a>K\u00e9m\u00e9nykalap<\/strong><br>\u00edves<\/td><\/tr><tr><td colspan=\"2\"><\/td><\/tr><tr><td><a href=\"http:\/\/vidibeton.hu\/images\/t\/Kerites_oszlop_erositett.jpg\"><\/a><\/td><td><strong><a><\/a>Ker\u00edt\u00e9s oszlop<\/strong><br>er\u0151s\u00edtett<\/td><\/tr><tr><td><a href=\"http:\/\/vidibeton.hu\/images\/t\/Kerites_oszlop_normal.jpg\"><\/a><\/td><td><a href=\"#kerites_oszlop\"><strong>Ker\u00edt\u00e9s oszlop<\/strong><br><\/a>norm\u00e1l<\/td><\/tr><tr><td colspan=\"2\"><\/td><\/tr><tr><td><a href=\"http:\/\/vidibeton.hu\/images\/t\/Kerites_panelek.jpg\"><\/a><\/td><td><strong><a><\/a>Ker\u00edt\u00e9s panelek<\/strong><\/td><\/tr><tr><td><a href=\"http:\/\/vidibeton.hu\/images\/t\/Kerites_panel_apacaracsos.jpg\"><\/a><\/td><td><strong>Ker\u00edt\u00e9s panel<\/strong><br>ap\u00e1car\u00e1csos<\/td><\/tr><tr><td><a href=\"http:\/\/vidibeton.hu\/images\/t\/Kerites_panel_apacaracsos.jpg\"><\/a><\/td><td><strong>Ker\u00edt\u00e9s panel<\/strong><br>t\u00e9glamint\u00e1s, \u00e1tt\u00f6rt<\/td><\/tr><tr><td><a href=\"http:\/\/vidibeton.hu\/images\/t\/teglamintas_ives.jpg\"><\/a><\/td><td><strong>Ker\u00edt\u00e9s panel<\/strong><br>t\u00e9glamint\u00e1s, \u00edves<\/td><\/tr><tr><td><a href=\"http:\/\/vidibeton.hu\/images\/t\/Kerites_panel_teli.jpg\"><\/a><\/td><td><strong>Ker\u00edt\u00e9s panel<\/strong><br>teli<\/td><\/tr><tr><td><a href=\"http:\/\/vidibeton.hu\/images\/t\/Kerites_panel_famintas.jpg\"><\/a><\/td><td><strong>Ker\u00edt\u00e9s panel<\/strong><br>famint\u00e1s<\/td><\/tr><tr><td><a href=\"http:\/\/vidibeton.hu\/images\/t\/komintas%20kerites.jpg\"><\/a><\/td><td><strong>Ker\u00edt\u00e9s panel<\/strong><br>k\u0151mint\u00e1s<\/td><\/tr><tr><td colspan=\"2\"><\/td><\/tr><tr><td><a href=\"http:\/\/vidibeton.hu\/images\/t\/Pincefalazo_UNI.jpg\"><\/a><\/td><td><strong><a><\/a>Pincefalaz\u00f3<br><\/strong>30-as, 38-as<\/td><\/tr><tr><td colspan=\"2\"><\/td><\/tr><tr><td><a href=\"http:\/\/vidibeton.hu\/images\/t\/utszegely.jpg\"><\/a><\/td><td><strong><a><\/a>\u00datszeg\u00e9ly<\/strong><\/td><\/tr><tr><td colspan=\"2\"><\/td><\/tr><tr><td><a href=\"http:\/\/vidibeton.hu\/images\/t\/Gyephezagos.jpg\"><\/a><\/td><td><strong><a><\/a>Gyeph\u00e9zagos t\u00e9rburkol\u00f3<\/strong><\/td><\/tr><tr><td colspan=\"2\"><\/td><\/tr><tr><td><a href=\"http:\/\/vidibeton.hu\/images\/t\/Gyepracs.jpg\"><\/a><\/td><td><strong>Gyepr\u00e1cs<\/strong><\/td><\/tr><tr><td colspan=\"2\"><\/td><\/tr><tr><td><a href=\"http:\/\/vidibeton.hu\/images\/t\/Vizelvezeto_nagy.jpg\"><\/a><\/td><td><strong><a><\/a>V\u00edzelvezet\u0151<\/strong><br>kicsi, nagy<\/td><\/tr><tr><td colspan=\"2\"><\/td><\/tr><tr><td><a href=\"http:\/\/vidibeton.hu\/images\/t\/Zsaluko_20-as.jpg\"><\/a><\/td><td><strong><a><\/a>Zsaluk\u0151<\/strong><br><br>20-as<\/td><\/tr><tr><td><strong><a href=\"http:\/\/vidibeton.hu\/images\/t\/Zsaluko_30-as.jpg\"><\/a><\/strong><\/td><td><strong>Zsaluk\u0151<br><\/strong>30-as<\/td><\/tr><tr><td><a href=\"http:\/\/vidibeton.hu\/images\/t\/Zsaluko_38-as.jpg\"><\/a><\/td><td><strong>Zsaluk\u0151<\/strong><br><br>38-as<\/td><\/tr><tr><td colspan=\"2\"><\/td><\/tr><tr><td><a href=\"http:\/\/vidibeton.hu\/images\/t\/Beton_labnyom.jpg\"><\/a><\/td><td><strong><a><\/a>Beton l\u00e1bnyom<\/strong><\/td><\/tr><tr><td colspan=\"2\"><\/td><\/tr><tr><td><a href=\"http:\/\/vidibeton.hu\/images\/t\/Betonoszlop_250_cm.jpg\"><\/a><\/td><td><strong>Betonoszlop<br><\/strong>250 cm-es<\/td><\/tr><tr><td><a href=\"http:\/\/vidibeton.hu\/images\/t\/Masnis_vaza.jpg\"><\/a><\/td><td><strong>Masnis betonv\u00e1za<\/strong><\/td><\/tr><tr><td colspan=\"2\"><\/td><\/tr><tr><td><a href=\"http:\/\/vidibeton.hu\/images\/t\/epulet_kerites_panelbol.jpg\"><\/a><\/td><td><strong>\u00c9p\u00fclet ker\u00edt\u00e9s panelb\u0151l<\/strong><\/td><\/tr><\/tbody><\/table><\/figure>\n","protected":false},"excerpt":{"rendered":"<p>a K\u00e9m\u00e9ny fedk\u0151 &nbsp; K\u00e9m\u00e9nykalap\u00edves Ker\u00edt\u00e9s oszloper\u0151s\u00edtett Ker\u00edt\u00e9s oszlopnorm\u00e1l Ker\u00edt\u00e9s panelek Ker\u00edt\u00e9s panelap\u00e1car\u00e1csos Ker\u00edt\u00e9s panelt\u00e9glamint\u00e1s, \u00e1tt\u00f6rt Ker\u00edt\u00e9s panelt\u00e9glamint\u00e1s, \u00edves Ker\u00edt\u00e9s panelteli Ker\u00edt\u00e9s panelfamint\u00e1s Ker\u00edt\u00e9s panelk\u0151mint\u00e1s Pincefalaz\u00f330-as, 38-as \u00datszeg\u00e9ly Gyeph\u00e9zagos t\u00e9rburkol\u00f3 Gyepr\u00e1cs V\u00edzelvezet\u0151kicsi, nagy Zsaluk\u0151 20-as Zsaluk\u015130-as Zsaluk\u0151 38-as Beton l\u00e1bnyom Betonoszlop250 cm-es Masnis betonv\u00e1za \u00c9p\u00fclet ker\u00edt\u00e9s panelb\u0151l<\/p>\n","protected":false},"author":1,"featured_media":0,"parent":0,"menu_order":0,"comment_status":"closed","ping_status":"closed","template":"","meta":{"_et_pb_use_builder":"","_et_pb_old_content":"","_et_gb_content_width":"","ngg_post_thumbnail":0,"footnotes":""},"class_list":["post-25","page","type-page","status-publish","hentry"],"_links":{"self":[{"href":"https:\/\/vidibeton.hu\/index.php\/wp-json\/wp\/v2\/pages\/25","targetHints":{"allow":["GET"]}}],"collection":[{"href":"https:\/\/vidibeton.hu\/index.php\/wp-json\/wp\/v2\/pages"}],"about":[{"href":"https:\/\/vidibeton.hu\/index.php\/wp-json\/wp\/v2\/types\/page"}],"author":[{"embeddable":true,"href":"https:\/\/vidibeton.hu\/index.php\/wp-json\/wp\/v2\/users\/1"}],"replies":[{"embeddable":true,"href":"https:\/\/vidibeton.hu\/index.php\/wp-json\/wp\/v2\/comments?post=25"}],"version-history":[{"count":2,"href":"https:\/\/vidibeton.hu\/index.php\/wp-json\/wp\/v2\/pages\/25\/revisions"}],"predecessor-version":[{"id":27,"href":"https:\/\/vidibeton.hu\/index.php\/wp-json\/wp\/v2\/pages\/25\/revisions\/27"}],"wp:attachment":[{"href":"https:\/\/vidibeton.hu\/index.php\/wp-json\/wp\/v2\/media?parent=25"}],"curies":[{"name":"wp","href":"https:\/\/api.w.org\/{rel}","templated":true}]}}